{"id":2434,"date":"2025-03-21T21:46:20","date_gmt":"2025-03-21T20:46:20","guid":{"rendered":"https:\/\/testing2.maximalereinsatz.de\/?page_id=2434"},"modified":"2025-06-12T21:05:56","modified_gmt":"2025-06-12T19:05:56","slug":"impressum","status":"publish","type":"page","link":"https:\/\/time-change.com\/en\/impressum\/","title":{"rendered":"Imprint"},"content":{"rendered":"<div data-elementor-type=\"wp-page\" data-elementor-id=\"2434\" class=\"elementor elementor-2434\" data-elementor-post-type=\"page\">\n\t\t\t\t<div class=\"elementor-element elementor-element-6aea8cc e-flex e-con-boxed e-con e-parent\" data-id=\"6aea8cc\" data-element_type=\"container\" data-e-type=\"container\" data-settings=\"{&quot;background_background&quot;:&quot;classic&quot;}\">\n\t\t\t\t\t<div class=\"e-con-inner\">\n\t\t\t\t<div class=\"elementor-element elementor-element-cab325a elementor-widget elementor-widget-spacer\" data-id=\"cab325a\" data-element_type=\"widget\" data-e-type=\"widget\" data-widget_type=\"spacer.default\">\n\t\t\t\t\t\t\t<div class=\"elementor-spacer\">\n\t\t\t<div class=\"elementor-spacer-inner\"><\/div>\n\t\t<\/div>\n\t\t\t\t\t\t<\/div>\n\t\t\t\t\t<\/div>\n\t\t\t\t<\/div>\n\t\t<div class=\"elementor-element elementor-element-10f4358 e-flex e-con-boxed e-con e-parent\" data-id=\"10f4358\" data-element_type=\"container\" data-e-type=\"container\">\n\t\t\t\t\t<div class=\"e-con-inner\">\n\t\t\t\t<div class=\"elementor-element elementor-element-f287dff elementor-widget-mobile__width-inherit elementor-invisible elementor-widget elementor-widget-text-editor\" data-id=\"f287dff\" data-element_type=\"widget\" data-e-type=\"widget\" data-settings=\"{&quot;_animation&quot;:&quot;fadeInUp&quot;}\" data-widget_type=\"text-editor.default\">\n\t\t\t\t\t\t\t\t\tTIME CHANGE\t\t\t\t\t\t\t\t<\/div>\n\t\t\t\t<div class=\"elementor-element elementor-element-b9336ab elementor-invisible elementor-widget elementor-widget-heading\" data-id=\"b9336ab\" data-element_type=\"widget\" data-e-type=\"widget\" data-settings=\"{&quot;_animation&quot;:&quot;fadeInUp&quot;}\" data-widget_type=\"heading.default\">\n\t\t\t\t\t<h2 class=\"elementor-heading-title elementor-size-default\">Imprint<span style=\"color:#FF6F00\">.<\/span><\/h2>\t\t\t\t<\/div>\n\t\t\t\t<div class=\"elementor-element elementor-element-9f6a532 elementor-widget-mobile__width-inherit elementor-invisible elementor-widget elementor-widget-text-editor\" data-id=\"9f6a532\" data-element_type=\"widget\" data-e-type=\"widget\" data-settings=\"{&quot;_animation&quot;:&quot;fadeInUp&quot;}\" data-widget_type=\"text-editor.default\">\n\t\t\t\t\t\t\t\t\t<p><strong>Time Change GmbH\u2028<\/strong><br \/>Kaiserdamm 88<br \/>14057 Berlin, Deutschland<br \/>+49 30 120 766 460<br \/>stuff@time-change.de<\/p><p>Design: Time Change GmbH<br \/>Realisierung: Time Change GmbH<br \/>Gesch\u00e4ftsf\u00fchrung: Marko Hafemann<br \/>Registergericht: Amtsgericht Charlottenburg\u2028<br \/>Registernummer: HR B 149636B<br \/>Umsatzsteuer-Identifikationsnummer: DE290375617<\/p><p>Verantwortlich f\u00fcr den Inhalt nach \u00a755 Abs.2 RStV: Marko Hafemann, c\/o Time Change GmbH, Kaiserdamm 88, 14057 Berlin.<\/p><p>Haftungshinweis: Trotz sorgf\u00e4ltiger inhaltlicher Kontrolle \u00fcbernehmen wir keine Haftung f\u00fcr die Inhalte externer Links. \u2028F\u00fcr den Inhalt der verlinkten Seiten sind ausschlie\u00dflich deren Betreiber verantwortlich.<\/p>\t\t\t\t\t\t\t\t<\/div>\n\t\t\t\t\t<\/div>\n\t\t\t\t<\/div>\n\t\t\t\t<\/div>","protected":false},"excerpt":{"rendered":"<p>TIME CHANGE Impressum. Time Change GmbH\u2028Kaiserdamm 8814057 Berlin, Deutschland+49 30 120 766 460stuff@time-change.de Design: Time Change GmbHRealisierung: Time Change GmbHGesch\u00e4ftsf\u00fchrung: Marko HafemannRegistergericht: Amtsgericht Charlottenburg\u2028Registernummer: HR B 149636BUmsatzsteuer-Identifikationsnummer: DE290375617 Verantwortlich f\u00fcr den Inhalt nach \u00a755 Abs.2 RStV: Marko Hafemann, c\/o Time Change GmbH, Kaiserdamm 88, 14057 Berlin. Haftungshinweis: Trotz sorgf\u00e4ltiger inhaltlicher Kontrolle \u00fcbernehmen wir keine Haftung [&hellip;]<\/p>\n","protected":false},"author":1,"featured_media":0,"parent":0,"menu_order":0,"comment_status":"closed","ping_status":"closed","template":"elementor_header_footer","meta":{"_acf_changed":false,"inline_featured_image":false,"footnotes":""},"class_list":["post-2434","page","type-page","status-publish","hentry"],"acf":[],"_links":{"self":[{"href":"https:\/\/time-change.com\/en\/wp-json\/wp\/v2\/pages\/2434","targetHints":{"allow":["GET"]}}],"collection":[{"href":"https:\/\/time-change.com\/en\/wp-json\/wp\/v2\/pages"}],"about":[{"href":"https:\/\/time-change.com\/en\/wp-json\/wp\/v2\/types\/page"}],"author":[{"embeddable":true,"href":"https:\/\/time-change.com\/en\/wp-json\/wp\/v2\/users\/1"}],"replies":[{"embeddable":true,"href":"https:\/\/time-change.com\/en\/wp-json\/wp\/v2\/comments?post=2434"}],"version-history":[{"count":13,"href":"https:\/\/time-change.com\/en\/wp-json\/wp\/v2\/pages\/2434\/revisions"}],"predecessor-version":[{"id":5241,"href":"https:\/\/time-change.com\/en\/wp-json\/wp\/v2\/pages\/2434\/revisions\/5241"}],"wp:attachment":[{"href":"https:\/\/time-change.com\/en\/wp-json\/wp\/v2\/media?parent=2434"}],"curies":[{"name":"wp","href":"https:\/\/api.w.org\/{rel}","templated":true}]}}