{"id":2746,"date":"2025-04-10T16:26:13","date_gmt":"2025-04-10T14:26:13","guid":{"rendered":"https:\/\/testing2.maximalereinsatz.de\/?page_id=2746"},"modified":"2025-06-10T13:41:04","modified_gmt":"2025-06-10T11:41:04","slug":"river-cruise","status":"publish","type":"page","link":"https:\/\/time-change.com\/en\/specials\/river-cruise\/","title":{"rendered":"River Cruise"},"content":{"rendered":"\t\t<div data-elementor-type=\"wp-page\" data-elementor-id=\"2746\" class=\"elementor elementor-2746\" data-elementor-post-type=\"page\">\n\t\t\t\t<div class=\"elementor-element elementor-element-9ef7999 e-flex e-con-boxed e-con e-parent\" data-id=\"9ef7999\" data-element_type=\"container\" data-e-type=\"container\" data-settings=\"{&quot;background_background&quot;:&quot;classic&quot;}\">\n\t\t\t\t\t<div class=\"e-con-inner\">\n\t\t\t\t<div class=\"elementor-element elementor-element-b575c7d elementor-widget-mobile__width-inherit elementor-widget__width-inherit elementor-invisible elementor-widget elementor-widget-text-editor\" data-id=\"b575c7d\" data-element_type=\"widget\" data-e-type=\"widget\" data-settings=\"{&quot;_animation&quot;:&quot;fadeInUp&quot;}\" data-widget_type=\"text-editor.default\">\n\t\t\t\t\t\t\t\t\tSPECIALS\t\t\t\t\t\t\t\t<\/div>\n\t\t\t\t<div class=\"elementor-element elementor-element-a2cbfd0 elementor-widget__width-initial elementor-invisible elementor-widget elementor-widget-heading\" data-id=\"a2cbfd0\" data-element_type=\"widget\" data-e-type=\"widget\" data-settings=\"{&quot;_animation&quot;:&quot;fadeInUp&quot;}\" data-widget_type=\"heading.default\">\n\t\t\t\t\t<h2 class=\"elementor-heading-title elementor-size-default\">River\nCruise<span style=\"color:#FF6F00\">.<\/span><\/h2>\t\t\t\t<\/div>\n\t\t\t\t\t<\/div>\n\t\t\t\t<\/div>\n\t\t<div class=\"elementor-element elementor-element-d12ce16 e-flex e-con-boxed e-con e-parent\" data-id=\"d12ce16\" data-element_type=\"container\" data-e-type=\"container\">\n\t\t\t\t\t<div class=\"e-con-inner\">\n\t\t\t\t<div class=\"elementor-element elementor-element-6b7377f elementor-widget__width-initial elementor-invisible elementor-widget elementor-widget-heading\" data-id=\"6b7377f\" data-element_type=\"widget\" data-e-type=\"widget\" data-settings=\"{&quot;_animation&quot;:&quot;fadeInUp&quot;}\" data-widget_type=\"heading.default\">\n\t\t\t\t\t<h2 class=\"elementor-heading-title elementor-size-default\">Home is where the anchor drops:\u2028River Cruise Services.<\/h2>\t\t\t\t<\/div>\n\t\t\t\t\t<\/div>\n\t\t\t\t<\/div>\n\t\t<div class=\"elementor-element elementor-element-dd38e04 e-flex e-con-boxed e-con e-parent\" data-id=\"dd38e04\" data-element_type=\"container\" data-e-type=\"container\">\n\t\t\t\t\t<div class=\"e-con-inner\">\n\t\t<div class=\"elementor-element elementor-element-8b8615f e-con-full e-flex e-con e-child\" data-id=\"8b8615f\" data-element_type=\"container\" data-e-type=\"container\">\n\t\t\t\t<\/div>\n\t\t<div class=\"elementor-element elementor-element-3a1048d e-con-full e-flex e-con e-child\" data-id=\"3a1048d\" data-element_type=\"container\" data-e-type=\"container\">\n\t\t\t\t<div class=\"elementor-element elementor-element-b3e415c elementor-widget-mobile__width-inherit elementor-widget__width-initial elementor-invisible elementor-widget elementor-widget-text-editor\" data-id=\"b3e415c\" data-element_type=\"widget\" data-e-type=\"widget\" data-settings=\"{&quot;_animation&quot;:&quot;fadeInUp&quot;}\" data-widget_type=\"text-editor.default\">\n\t\t\t\t\t\t\t\t\t<p>Als eine der f\u00fchrenden europ\u00e4ischen Agenturen f\u00fcr Land Services bieten wir Reedereien umfassende und innovative Dienstleistungen f\u00fcr Landausfl\u00fcge, Passagierwechsel und Hotelprogramme. \u2028\u2028<\/p><p>Unsere engagierten Teams stehen in allen wichtigen H\u00e4fen bereit und wissen immer, was zu tun ist \u2013 selbst bei starkem Gegenwind.<\/p>\t\t\t\t\t\t\t\t<\/div>\n\t\t\t\t<\/div>\n\t\t\t\t\t<\/div>\n\t\t\t\t<\/div>\n\t\t<div class=\"elementor-element elementor-element-e0c35a2 e-flex e-con-boxed e-con e-parent\" data-id=\"e0c35a2\" data-element_type=\"container\" data-e-type=\"container\">\n\t\t\t\t\t<div class=\"e-con-inner\">\n\t\t<div class=\"elementor-element elementor-element-41cae22 e-con-full e-flex e-con e-child\" data-id=\"41cae22\" data-element_type=\"container\" data-e-type=\"container\">\n\t\t\t\t<div class=\"elementor-element elementor-element-d3b4d0e elementor-widget__width-initial elementor-invisible elementor-widget elementor-widget-heading\" data-id=\"d3b4d0e\" data-element_type=\"widget\" data-e-type=\"widget\" data-settings=\"{&quot;_animation&quot;:&quot;fadeInUp&quot;}\" data-widget_type=\"heading.default\">\n\t\t\t\t\t<h2 class=\"elementor-heading-title elementor-size-default\">Bei Wind und Wetter \u2013\u2028an jedem Hafen.<\/h2>\t\t\t\t<\/div>\n\t\t\t\t<div class=\"elementor-element elementor-element-58f4db9 elementor-widget-mobile__width-inherit elementor-widget__width-initial elementor-invisible elementor-widget elementor-widget-text-editor\" data-id=\"58f4db9\" data-element_type=\"widget\" data-e-type=\"widget\" data-settings=\"{&quot;_animation&quot;:&quot;fadeInUp&quot;}\" data-widget_type=\"text-editor.default\">\n\t\t\t\t\t\t\t\t\tErfahrung und Sicherheit in zahlreichen Kreuzfahrth\u00e4fen Europas: Mit unserem Know-how unterst\u00fctzen wir Sie in der Seeschifffahrt an der deutschen Nordsee und Ostsee, in D\u00e4nemark, Benelux und Gro\u00dfbritannien oder auf Rhein, Main, Mosel und Donau bei den Flussschiffen. Und auch in St\u00e4dten wie Prag, Z\u00fcrich, London, Berlin oder M\u00fcnchen bieten wir spannende Pre-\/Post-Programme.\t\t\t\t\t\t\t\t<\/div>\n\t\t\t\t<\/div>\n\t\t<div class=\"elementor-element elementor-element-8cc77c0 e-con-full e-flex e-con e-child\" data-id=\"8cc77c0\" data-element_type=\"container\" data-e-type=\"container\">\n\t\t\t\t<div class=\"elementor-element elementor-element-953fd88 elementor-widget elementor-widget-image\" data-id=\"953fd88\" data-element_type=\"widget\" data-e-type=\"widget\" data-widget_type=\"image.default\">\n\t\t\t\t\t\t\t\t\t\t\t\t\t\t\t<img fetchpriority=\"high\" decoding=\"async\" width=\"524\" height=\"608\" src=\"https:\/\/time-change.com\/wp-content\/uploads\/2025\/04\/Rectangle-29-17.webp\" class=\"attachment-full size-full wp-image-2751\" alt=\"\" srcset=\"https:\/\/time-change.com\/wp-content\/uploads\/2025\/04\/Rectangle-29-17.webp 524w, https:\/\/time-change.com\/wp-content\/uploads\/2025\/04\/Rectangle-29-17-259x300.webp 259w, https:\/\/time-change.com\/wp-content\/uploads\/2025\/04\/Rectangle-29-17-10x12.webp 10w\" sizes=\"(max-width: 524px) 100vw, 524px\" \/>\t\t\t\t\t\t\t\t\t\t\t\t\t\t\t<\/div>\n\t\t\t\t<\/div>\n\t\t\t\t\t<\/div>\n\t\t\t\t<\/div>\n\t\t<div class=\"elementor-element elementor-element-63ed99b e-flex e-con-boxed e-con e-parent\" data-id=\"63ed99b\" data-element_type=\"container\" data-e-type=\"container\">\n\t\t\t\t\t<div class=\"e-con-inner\">\n\t\t\t\t<div class=\"elementor-element elementor-element-272ce22 elementor-widget-mobile__width-inherit elementor-widget__width-initial elementor-invisible elementor-widget elementor-widget-text-editor\" data-id=\"272ce22\" data-element_type=\"widget\" data-e-type=\"widget\" data-settings=\"{&quot;_animation&quot;:&quot;fadeInUp&quot;}\" data-widget_type=\"text-editor.default\">\n\t\t\t\t\t\t\t\t\tLandausfl\u00fcge oder Turnarounds, gro\u00dfe und kleine Schiffe, Hochseekreuzfahrten und Flusskreuzfahrten, private Arrangements und Gruppenreisen: Wir bieten abwechslungsreiche Landprogramme w\u00e4hrend, vor und nach der Kreuzfahrt. Dabei verstehen wir, dass die Bed\u00fcrfnisse unserer Kunden differenziert sind. Deshalb realisieren wir jeden Tag den perfekten Mix zwischen reibungslosem Tour-Management mit moderner Technik und einem authentischen Erlebnis f\u00fcr alle Zielgruppen \u2013 selbstverst\u00e4ndlich nach den neuesten Sicherheits- und Hygienestandards. Wir achten auch das kleinste Detail und haben immer den Blick f\u00fcr das gro\u00dfe Ganze.\t\t\t\t\t\t\t\t<\/div>\n\t\t\t\t\t<\/div>\n\t\t\t\t<\/div>\n\t\t<div class=\"elementor-element elementor-element-7d3dd99 e-flex e-con-boxed e-con e-parent\" data-id=\"7d3dd99\" data-element_type=\"container\" data-e-type=\"container\">\n\t\t\t\t\t<div class=\"e-con-inner\">\n\t\t\t\t<div class=\"elementor-element elementor-element-8e68320 elementor-widget elementor-widget-image\" data-id=\"8e68320\" data-element_type=\"widget\" data-e-type=\"widget\" data-widget_type=\"image.default\">\n\t\t\t\t\t\t\t\t\t\t\t\t\t\t\t<img decoding=\"async\" width=\"837\" height=\"837\" src=\"https:\/\/time-change.com\/wp-content\/uploads\/2025\/05\/Group-453-1.png\" class=\"attachment-full size-full wp-image-3256\" alt=\"\" srcset=\"https:\/\/time-change.com\/wp-content\/uploads\/2025\/05\/Group-453-1.png 837w, https:\/\/time-change.com\/wp-content\/uploads\/2025\/05\/Group-453-1-300x300.png 300w, https:\/\/time-change.com\/wp-content\/uploads\/2025\/05\/Group-453-1-150x150.png 150w, https:\/\/time-change.com\/wp-content\/uploads\/2025\/05\/Group-453-1-768x768.png 768w, https:\/\/time-change.com\/wp-content\/uploads\/2025\/05\/Group-453-1-12x12.png 12w\" sizes=\"(max-width: 837px) 100vw, 837px\" \/>\t\t\t\t\t\t\t\t\t\t\t\t\t\t\t<\/div>\n\t\t\t\t\t<\/div>\n\t\t\t\t<\/div>\n\t\t<div class=\"elementor-element elementor-element-cbbb178 e-flex e-con-boxed e-con e-parent\" data-id=\"cbbb178\" data-element_type=\"container\" data-e-type=\"container\">\n\t\t\t\t\t<div class=\"e-con-inner\">\n\t\t<div class=\"elementor-element elementor-element-c893c1a e-con-full e-flex e-con e-child\" data-id=\"c893c1a\" data-element_type=\"container\" data-e-type=\"container\">\n\t\t\t\t<div class=\"elementor-element elementor-element-69ffaed elementor-widget elementor-widget-image\" data-id=\"69ffaed\" data-element_type=\"widget\" data-e-type=\"widget\" data-widget_type=\"image.default\">\n\t\t\t\t\t\t\t\t\t\t\t\t\t\t\t<img decoding=\"async\" width=\"504\" height=\"530\" src=\"https:\/\/time-change.com\/wp-content\/uploads\/2025\/05\/Rectangle-30-15.webp\" class=\"attachment-full size-full wp-image-3249\" alt=\"\" srcset=\"https:\/\/time-change.com\/wp-content\/uploads\/2025\/05\/Rectangle-30-15.webp 504w, https:\/\/time-change.com\/wp-content\/uploads\/2025\/05\/Rectangle-30-15-285x300.webp 285w, https:\/\/time-change.com\/wp-content\/uploads\/2025\/05\/Rectangle-30-15-11x12.webp 11w\" sizes=\"(max-width: 504px) 100vw, 504px\" \/>\t\t\t\t\t\t\t\t\t\t\t\t\t\t\t<\/div>\n\t\t\t\t<\/div>\n\t\t<div class=\"elementor-element elementor-element-e3f3244 e-con-full e-flex e-con e-child\" data-id=\"e3f3244\" data-element_type=\"container\" data-e-type=\"container\">\n\t\t\t\t<div class=\"elementor-element elementor-element-1718f13 elementor-widget__width-initial elementor-invisible elementor-widget elementor-widget-heading\" data-id=\"1718f13\" data-element_type=\"widget\" data-e-type=\"widget\" data-settings=\"{&quot;_animation&quot;:&quot;fadeInUp&quot;}\" data-widget_type=\"heading.default\">\n\t\t\t\t\t<h2 class=\"elementor-heading-title elementor-size-default\">eGuide: Ihr digitales Tool f\u00fcr Personal- und Tourmanagement<\/h2>\t\t\t\t<\/div>\n\t\t\t\t<div class=\"elementor-element elementor-element-7780790 elementor-widget-mobile__width-inherit elementor-widget__width-initial elementor-invisible elementor-widget elementor-widget-text-editor\" data-id=\"7780790\" data-element_type=\"widget\" data-e-type=\"widget\" data-settings=\"{&quot;_animation&quot;:&quot;fadeInUp&quot;}\" data-widget_type=\"text-editor.default\">\n\t\t\t\t\t\t\t\t\t<p>eGuide ist ein einzigartiges System, das wir speziell f\u00fcr die Anforderungen der Cruise-Industry entwickelt haben. Es ist die digitale Schnittstelle zwischen Schiff, Lieferant, Guide und Headquarter. Es deckt alle Bereiche der Disposition von Personal- und Tourmanagement ab und erm\u00f6glicht eine zeitnahe Abrechnung.<\/p>\t\t\t\t\t\t\t\t<\/div>\n\t\t\t\t<div class=\"elementor-element elementor-element-34ced51 elementor-align-center elementor-invisible elementor-widget elementor-widget-button\" data-id=\"34ced51\" data-element_type=\"widget\" data-e-type=\"widget\" data-settings=\"{&quot;_animation&quot;:&quot;fadeInUp&quot;}\" data-widget_type=\"button.default\">\n\t\t\t\t\t\t\t\t\t\t<a class=\"elementor-button elementor-button-link elementor-size-sm\" href=\"https:\/\/eguide.time-change.com\/\">\n\t\t\t\t\t\t<span class=\"elementor-button-content-wrapper\">\n\t\t\t\t\t\t<span class=\"elementor-button-icon\">\n\t\t\t\t<i aria-hidden=\"true\" class=\"iconsecondrightarrow icon-secondrightarrowarrow-up-right\"><\/i>\t\t\t<\/span>\n\t\t\t\t\t\t\t\t\t<span class=\"elementor-button-text\">Login eGuide<\/span>\n\t\t\t\t\t<\/span>\n\t\t\t\t\t<\/a>\n\t\t\t\t\t\t\t\t<\/div>\n\t\t\t\t<\/div>\n\t\t\t\t\t<\/div>\n\t\t\t\t<\/div>\n\t\t<div class=\"elementor-element elementor-element-5247c1f e-flex e-con-boxed e-con e-parent\" data-id=\"5247c1f\" data-element_type=\"container\" data-e-type=\"container\">\n\t\t\t\t\t<div class=\"e-con-inner\">\n\t\t<div class=\"elementor-element elementor-element-7c7e189 e-con-full e-flex e-con e-child\" data-id=\"7c7e189\" data-element_type=\"container\" data-e-type=\"container\">\n\t\t\t\t<div class=\"elementor-element elementor-element-64e8e89 elementor-widget-mobile__width-inherit elementor-invisible elementor-widget elementor-widget-text-editor\" data-id=\"64e8e89\" data-element_type=\"widget\" data-e-type=\"widget\" data-settings=\"{&quot;_animation&quot;:&quot;fadeInUp&quot;}\" data-widget_type=\"text-editor.default\">\n\t\t\t\t\t\t\t\t\tKONTAKT\t\t\t\t\t\t\t\t<\/div>\n\t\t\t\t<div class=\"elementor-element elementor-element-275d547 elementor-widget__width-initial elementor-widget-tablet__width-inherit elementor-invisible elementor-widget elementor-widget-heading\" data-id=\"275d547\" data-element_type=\"widget\" data-e-type=\"widget\" data-settings=\"{&quot;_animation&quot;:&quot;fadeInUp&quot;}\" data-widget_type=\"heading.default\">\n\t\t\t\t\t<h2 class=\"elementor-heading-title elementor-size-default\">Leinen los \u2013 schicken Sie uns Ihre Nachricht!\n<\/h2>\t\t\t\t<\/div>\n\t\t\t\t<div class=\"elementor-element elementor-element-d765772 elementor-widget elementor-widget-image\" data-id=\"d765772\" data-element_type=\"widget\" data-e-type=\"widget\" data-widget_type=\"image.default\">\n\t\t\t\t\t\t\t\t\t\t\t\t\t\t\t<img loading=\"lazy\" decoding=\"async\" width=\"158\" height=\"158\" src=\"https:\/\/time-change.com\/wp-content\/uploads\/2025\/04\/Rectangle-37-3.png\" class=\"attachment-full size-full wp-image-2755\" alt=\"\" srcset=\"https:\/\/time-change.com\/wp-content\/uploads\/2025\/04\/Rectangle-37-3.png 158w, https:\/\/time-change.com\/wp-content\/uploads\/2025\/04\/Rectangle-37-3-150x150.png 150w, https:\/\/time-change.com\/wp-content\/uploads\/2025\/04\/Rectangle-37-3-12x12.png 12w\" sizes=\"(max-width: 158px) 100vw, 158px\" \/>\t\t\t\t\t\t\t\t\t\t\t\t\t\t\t<\/div>\n\t\t\t\t<div class=\"elementor-element elementor-element-dfc4685 elementor-widget-tablet__width-inherit elementor-invisible elementor-widget elementor-widget-heading\" data-id=\"dfc4685\" data-element_type=\"widget\" data-e-type=\"widget\" data-settings=\"{&quot;_animation&quot;:&quot;fadeInUp&quot;}\" data-widget_type=\"heading.default\">\n\t\t\t\t\t<h2 class=\"elementor-heading-title elementor-size-default\">Max Dengler<\/h2>\t\t\t\t<\/div>\n\t\t\t\t<div class=\"elementor-element elementor-element-b9338b6 elementor-widget__width-initial elementor-widget-tablet__width-inherit elementor-invisible elementor-widget elementor-widget-heading\" data-id=\"b9338b6\" data-element_type=\"widget\" data-e-type=\"widget\" data-settings=\"{&quot;_animation&quot;:&quot;fadeInUp&quot;}\" data-widget_type=\"heading.default\">\n\t\t\t\t\t<h2 class=\"elementor-heading-title elementor-size-default\">River Cruise <\/h2>\t\t\t\t<\/div>\n\t\t\t\t<div class=\"elementor-element elementor-element-6256580 elementor-widget-mobile__width-inherit elementor-invisible elementor-widget elementor-widget-text-editor\" data-id=\"6256580\" data-element_type=\"widget\" data-e-type=\"widget\" data-settings=\"{&quot;_animation&quot;:&quot;fadeInUp&quot;}\" data-widget_type=\"text-editor.default\">\n\t\t\t\t\t\t\t\t\t<p><span style=\"color: #000000;\"><a style=\"color: #000000;\" href=\"tel: +4917619426464\">+49 176 1942 6464<\/a><\/span><span style=\"color: #000000;\"><a style=\"color: #000000;\" href=\"mailto:max.dengler@time-change.com\"><br \/>max.dengler@time-change.com\u00a0<\/a><\/span><\/p>\t\t\t\t\t\t\t\t<\/div>\n\t\t\t\t<\/div>\n\t\t<div class=\"elementor-element elementor-element-37625dd e-con-full e-flex e-con e-child\" data-id=\"37625dd\" data-element_type=\"container\" data-e-type=\"container\">\n\t\t\t\t<div class=\"elementor-element elementor-element-47859e2 elementor-widget-mobile__width-inherit elementor-invisible elementor-widget elementor-widget-text-editor\" data-id=\"47859e2\" data-element_type=\"widget\" data-e-type=\"widget\" data-settings=\"{&quot;_animation&quot;:&quot;fadeInUp&quot;}\" data-widget_type=\"text-editor.default\">\n\t\t\t\t\t\t\t\t\t<p>Wir machen keine Standard-Events. Wir erschaffen Erlebnisse, die Wirkung entfalten, Vertrauen schaffen und Wachstum vorantreiben. Lassen Sie uns gemeinsam <strong><span style=\"color: #ff6f00;\">Gro\u00dfes schaffen.<\/span><\/strong><\/p>\t\t\t\t\t\t\t\t<\/div>\n\t\t\t\t<div class=\"elementor-element elementor-element-8ee9bdf elementor-button-align-start elementor-widget elementor-widget-form\" data-id=\"8ee9bdf\" data-element_type=\"widget\" data-e-type=\"widget\" data-settings=\"{&quot;step_next_label&quot;:&quot;Next&quot;,&quot;step_previous_label&quot;:&quot;Previous&quot;,&quot;button_width&quot;:&quot;100&quot;,&quot;step_type&quot;:&quot;number_text&quot;,&quot;step_icon_shape&quot;:&quot;circle&quot;}\" data-widget_type=\"form.default\">\n\t\t\t\t\t\t\t<form class=\"elementor-form\" method=\"post\" name=\"New Form\" aria-label=\"New Form\">\n\t\t\t<input type=\"hidden\" name=\"post_id\" value=\"2746\"\/>\n\t\t\t<input type=\"hidden\" name=\"form_id\" value=\"8ee9bdf\"\/>\n\t\t\t<input type=\"hidden\" name=\"referer_title\" value=\"River Cruise\" \/>\n\n\t\t\t\t\t\t\t<input type=\"hidden\" name=\"queried_id\" value=\"2746\"\/>\n\t\t\t\n\t\t\t<div class=\"elementor-form-fields-wrapper elementor-labels-above\">\n\t\t\t\t\t\t\t\t<div class=\"elementor-field-type-select elementor-field-group elementor-column elementor-field-group-field_fd0ce54 elementor-col-100 elementor-field-required\">\n\t\t\t\t\t\t\t<div class=\"elementor-field elementor-select-wrapper remove-before \">\n\t\t\t<div class=\"select-caret-down-wrapper\">\n\t\t\t\t<svg aria-hidden=\"true\" class=\"e-font-icon-svg e-eicon-caret-down\" viewBox=\"0 0 571.4 571.4\" xmlns=\"http:\/\/www.w3.org\/2000\/svg\"><path d=\"M571 393Q571 407 561 418L311 668Q300 679 286 679T261 668L11 418Q0 407 0 393T11 368 36 357H536Q550 357 561 368T571 393Z\"><\/path><\/svg>\t\t\t<\/div>\n\t\t\t<select name=\"form_fields[field_fd0ce54]\" id=\"form-field-field_fd0ce54\" class=\"elementor-field-textual elementor-size-sm\" required=\"required\">\n\t\t\t\t\t\t\t\t\t<option value=\"Herr\">Herr<\/option>\n\t\t\t\t\t\t\t\t\t<option value=\"Frau\">Frau<\/option>\n\t\t\t\t\t\t\t<\/select>\n\t\t<\/div>\n\t\t\t\t\t\t<\/div>\n\t\t\t\t\t\t\t\t<div class=\"elementor-field-type-text elementor-field-group elementor-column elementor-field-group-name elementor-col-100 elementor-field-required\">\n\t\t\t\t\t\t\t\t\t\t\t\t<label for=\"form-field-name\" class=\"elementor-field-label\">\n\t\t\t\t\t\t\t\tVorname\t\t\t\t\t\t\t<\/label>\n\t\t\t\t\t\t\t\t\t\t\t\t\t\t<input size=\"1\" type=\"text\" name=\"form_fields[name]\" id=\"form-field-name\" class=\"elementor-field elementor-size-sm  elementor-field-textual\" placeholder=\"Vorname eintragen\" required=\"required\">\n\t\t\t\t\t\t\t\t\t\t\t<\/div>\n\t\t\t\t\t\t\t\t<div class=\"elementor-field-type-text elementor-field-group elementor-column elementor-field-group-field_775b509 elementor-col-100 elementor-field-required\">\n\t\t\t\t\t\t\t\t\t\t\t\t<label for=\"form-field-field_775b509\" class=\"elementor-field-label\">\n\t\t\t\t\t\t\t\tNachname\t\t\t\t\t\t\t<\/label>\n\t\t\t\t\t\t\t\t\t\t\t\t\t\t<input size=\"1\" type=\"text\" name=\"form_fields[field_775b509]\" id=\"form-field-field_775b509\" class=\"elementor-field elementor-size-sm  elementor-field-textual\" placeholder=\"Nachname eintragen\" required=\"required\">\n\t\t\t\t\t\t\t\t\t\t\t<\/div>\n\t\t\t\t\t\t\t\t<div class=\"elementor-field-type-tel elementor-field-group elementor-column elementor-field-group-field_bd82b19 elementor-col-100\">\n\t\t\t\t\t\t\t\t\t\t\t\t<label for=\"form-field-field_bd82b19\" class=\"elementor-field-label\">\n\t\t\t\t\t\t\t\tTelefon\t\t\t\t\t\t\t<\/label>\n\t\t\t\t\t\t\t\t<input size=\"1\" type=\"tel\" name=\"form_fields[field_bd82b19]\" id=\"form-field-field_bd82b19\" class=\"elementor-field elementor-size-sm  elementor-field-textual\" placeholder=\"Telefonnummer eintragen\" pattern=\"[0-9()#&amp;+*-=.]+\" title=\"Nur Nummern oder Telefon-Zeichen (#, -, *, etc) werden akzeptiert.\">\n\n\t\t\t\t\t\t<\/div>\n\t\t\t\t\t\t\t\t<div class=\"elementor-field-type-email elementor-field-group elementor-column elementor-field-group-email elementor-col-100 elementor-field-required\">\n\t\t\t\t\t\t\t\t\t\t\t\t<label for=\"form-field-email\" class=\"elementor-field-label\">\n\t\t\t\t\t\t\t\tEmail\t\t\t\t\t\t\t<\/label>\n\t\t\t\t\t\t\t\t\t\t\t\t\t\t<input size=\"1\" type=\"email\" name=\"form_fields[email]\" id=\"form-field-email\" class=\"elementor-field elementor-size-sm  elementor-field-textual\" placeholder=\"Email-Adresse eintragen\" required=\"required\">\n\t\t\t\t\t\t\t\t\t\t\t<\/div>\n\t\t\t\t\t\t\t\t<div class=\"elementor-field-type-textarea elementor-field-group elementor-column elementor-field-group-message elementor-col-100 elementor-field-required\">\n\t\t\t\t\t\t\t\t\t\t\t\t<label for=\"form-field-message\" class=\"elementor-field-label\">\n\t\t\t\t\t\t\t\tNachricht\t\t\t\t\t\t\t<\/label>\n\t\t\t\t\t\t<textarea class=\"elementor-field-textual elementor-field  elementor-size-sm\" name=\"form_fields[message]\" id=\"form-field-message\" rows=\"7\" placeholder=\"Nachricht eingeben...\" required=\"required\"><\/textarea>\t\t\t\t<\/div>\n\t\t\t\t\t\t\t\t<div class=\"elementor-field-type-recaptcha elementor-field-group elementor-column elementor-field-group-field_7670b1c elementor-col-100\">\n\t\t\t\t\t<div class=\"elementor-field\" id=\"form-field-field_7670b1c\"><div class=\"elementor-g-recaptcha\" data-sitekey=\"6Lfpi1srAAAAABMkj2GugTuTiaRoWtkTdlUfxcdT\" data-type=\"v2_checkbox\" data-theme=\"light\" data-size=\"normal\"><\/div><\/div>\t\t\t\t<\/div>\n\t\t\t\t\t\t\t\t<div class=\"elementor-field-group elementor-column elementor-field-type-submit elementor-col-100 e-form__buttons\">\n\t\t\t\t\t<button class=\"elementor-button elementor-size-sm\" type=\"submit\">\n\t\t\t\t\t\t<span class=\"elementor-button-content-wrapper\">\n\t\t\t\t\t\t\t\t\t\t\t\t\t\t\t<span class=\"elementor-button-icon\">\n\t\t\t\t\t\t\t\t\t<i aria-hidden=\"true\" class=\"iconsecondrightarrow icon-secondrightarrowarrow-up-right\"><\/i>\t\t\t\t\t\t\t\t\t\t\t\t\t\t\t\t\t<\/span>\n\t\t\t\t\t\t\t\t\t\t\t\t\t\t\t\t\t\t\t\t\t\t<span class=\"elementor-button-text\">Absenden<\/span>\n\t\t\t\t\t\t\t\t\t\t\t\t\t<\/span>\n\t\t\t\t\t<\/button>\n\t\t\t\t<\/div>\n\t\t\t<\/div>\n\t\t<\/form>\n\t\t\t\t\t\t<\/div>\n\t\t\t\t<\/div>\n\t\t\t\t\t<\/div>\n\t\t\t\t<\/div>\n\t\t\t\t<\/div>\n\t\t","protected":false},"excerpt":{"rendered":"<p>SPECIALS River Cruise. Home is where the anchor drops:\u2028River Cruise Services. Als eine der f\u00fchrenden europ\u00e4ischen Agenturen f\u00fcr Land Services bieten wir Reedereien umfassende und innovative Dienstleistungen f\u00fcr Landausfl\u00fcge, Passagierwechsel und Hotelprogramme. \u2028\u2028 Unsere engagierten Teams stehen in allen wichtigen H\u00e4fen bereit und wissen immer, was zu tun ist \u2013 selbst bei starkem Gegenwind. Bei [&hellip;]<\/p>\n","protected":false},"author":1,"featured_media":2765,"parent":3297,"menu_order":0,"comment_status":"closed","ping_status":"closed","template":"elementor_header_footer","meta":{"_acf_changed":false,"inline_featured_image":false,"footnotes":""},"class_list":["post-2746","page","type-page","status-publish","has-post-thumbnail","hentry"],"acf":[],"_links":{"self":[{"href":"https:\/\/time-change.com\/en\/wp-json\/wp\/v2\/pages\/2746","targetHints":{"allow":["GET"]}}],"collection":[{"href":"https:\/\/time-change.com\/en\/wp-json\/wp\/v2\/pages"}],"about":[{"href":"https:\/\/time-change.com\/en\/wp-json\/wp\/v2\/types\/page"}],"author":[{"embeddable":true,"href":"https:\/\/time-change.com\/en\/wp-json\/wp\/v2\/users\/1"}],"replies":[{"embeddable":true,"href":"https:\/\/time-change.com\/en\/wp-json\/wp\/v2\/comments?post=2746"}],"version-history":[{"count":19,"href":"https:\/\/time-change.com\/en\/wp-json\/wp\/v2\/pages\/2746\/revisions"}],"predecessor-version":[{"id":5166,"href":"https:\/\/time-change.com\/en\/wp-json\/wp\/v2\/pages\/2746\/revisions\/5166"}],"up":[{"embeddable":true,"href":"https:\/\/time-change.com\/en\/wp-json\/wp\/v2\/pages\/3297"}],"wp:featuredmedia":[{"embeddable":true,"href":"https:\/\/time-change.com\/en\/wp-json\/wp\/v2\/media\/2765"}],"wp:attachment":[{"href":"https:\/\/time-change.com\/en\/wp-json\/wp\/v2\/media?parent=2746"}],"curies":[{"name":"wp","href":"https:\/\/api.w.org\/{rel}","templated":true}]}}